{"id":2051,"date":"2025-08-25T12:29:48","date_gmt":"2025-08-25T12:29:48","guid":{"rendered":"https:\/\/dostepinn-meidling.com\/?page_id=2051"},"modified":"2025-08-26T10:22:54","modified_gmt":"2025-08-26T10:22:54","slug":"about-us","status":"publish","type":"page","link":"https:\/\/dostepinn-meidling.com\/en\/about-us\/","title":{"rendered":"About Us"},"content":{"rendered":"\t\t<div data-elementor-type=\"wp-page\" data-elementor-id=\"2051\" class=\"elementor elementor-2051\" data-elementor-post-type=\"page\">\n\t\t\t\t<div class=\"elementor-element elementor-element-3a711a1 e-flex e-con-boxed e-con e-parent\" data-id=\"3a711a1\" data-element_type=\"container\" data-e-type=\"container\">\n\t\t\t\t\t<div class=\"e-con-inner\">\n\t\t\t\t<div class=\"elementor-element elementor-element-a81ab77 elementor-widget elementor-widget-html\" data-id=\"a81ab77\" data-element_type=\"widget\" data-e-type=\"widget\" data-widget_type=\"html.default\">\n\t\t\t\t<div class=\"elementor-widget-container\">\n\t\t\t\t\t<!-- Cinematic Particle Title: About Us (Sahitya + #E8C1C5) \u2014 SLOWER BUILD -->\r\n<div id=\"about-dots\" data-text=\"About Us\" aria-label=\"About Us\"><\/div>\r\n<noscript><h1 style=\"text-align:center;font-size:80px;font-family:'Sahitya',serif;color:#E8C1C5;\">About Us<\/h1><\/noscript>\r\n\r\n<style>\r\n  @import url('https:\/\/fonts.googleapis.com\/css2?family=Sahitya:wght@400;700&display=swap');\r\n\r\n  #about-dots{\r\n    position:relative;\r\n    width:100%;\r\n    height:clamp(200px, 28vw, 380px);\r\n    display:grid;\r\n    place-items:center;\r\n    overflow:hidden;\r\n    isolation:isolate;\r\n    font-family:'Sahitya', serif;\r\n  }\r\n  #about-dots canvas{ width:100%; height:100%; display:block; }\r\n  @media (prefers-reduced-motion: reduce){\r\n    #about-dots{ height:auto; }\r\n  }\r\n<\/style>\r\n\r\n<script>\r\n(() => {\r\n  const host = document.getElementById('about-dots');\r\n  const label = (host.getAttribute('data-text') || 'About Us').trim();\r\n\r\n  \/\/ ---------------- Einstellungen ----------------\r\n  const COLOR = '#E8C1C5';\r\n  const GLOW = true;\r\n  const GLOW_ALPHA = 0.25;\r\n  const GLOW_SCALE = 1.8;\r\n  const FONT_FAMILY = '\"Sahitya\", serif';\r\n  const FONT_WEIGHT = 700;\r\n\r\n  const DOT_DESKTOP = 2.0, DOT_MOBILE = 1.6;\r\n  const GAP_DESKTOP = 6, GAP_MOBILE = 7;\r\n  const MAX_PARTICLES_DESKTOP = 1800, MAX_PARTICLES_MOBILE = 900;\r\n\r\n  \/\/ >>> nur f\u00fcr langsameren Aufbau angepasst <<<\r\n  const EASE = 0.045;                \/\/ vorher 0.08 (kleiner = langsamer)\r\n  const FRICTION = 0.90;             \/\/ vorher 0.86 (gr\u00f6\u00dfer = mehr D\u00e4mpfung)\r\n  const SPAWN_RING = 1.0;            \/\/ vorher 0.7 (weiter drau\u00dfen starten)\r\n  const BUILD_RAMP_SECONDS = 1.2;    \/\/ sanfter Start der Bewegung\r\n\r\n  const DPR_CAP = 1.75;\r\n\r\n  const PAUSE_AFTER_FORM = 2.5; \/\/ Sekunden Ruhe nach Formung\r\n  \/\/ ------------------------------------------------\r\n\r\n  const prefersReduced = matchMedia('(prefers-reduced-motion: reduce)').matches;\r\n  const dpr = Math.max(1, Math.min(DPR_CAP, window.devicePixelRatio || 1));\r\n  const isMobile = () => Math.min(innerWidth, innerHeight) < 640;\r\n\r\n  const canvas = document.createElement('canvas');\r\n  const ctx = canvas.getContext('2d', { alpha: true });\r\n  host.appendChild(canvas);\r\n\r\n  let targets = [];\r\n  let particles = [];\r\n  let running = false, raf = null;\r\n\r\n  let startTime = 0;\r\n  let formedAt = null;\r\n\r\n  function nowS(){ return performance.now() \/ 1000; }\r\n\r\n  function resize(){\r\n    const r = host.getBoundingClientRect();\r\n    canvas.width  = Math.max(1, Math.floor(r.width  * dpr));\r\n    canvas.height = Math.max(1, Math.floor(r.height * dpr));\r\n    canvas.style.width  = r.width + 'px';\r\n    canvas.style.height = r.height + 'px';\r\n\r\n    buildTargets();\r\n    initParticles();\r\n    formedAt = null;\r\n    startTime = nowS();\r\n    if (!prefersReduced) start(); else renderStatic();\r\n  }\r\n\r\n  function buildTargets(){\r\n    targets = [];\r\n    const off = document.createElement('canvas');\r\n    const octx = off.getContext('2d');\r\n    off.width = canvas.width;\r\n    off.height = canvas.height;\r\n\r\n    const targetWidth = off.width * 0.86;\r\n    let fontSize = Math.max(56 * dpr, off.width * 0.18);\r\n    octx.textAlign = 'center';\r\n    octx.textBaseline = 'middle';\r\n    for (let i=0; i<3; i++){\r\n      octx.font = `${FONT_WEIGHT} ${fontSize}px ${FONT_FAMILY}`;\r\n      const w = octx.measureText(label).width || 1;\r\n      fontSize *= Math.min(1.0, targetWidth \/ w) ** 0.9;\r\n    }\r\n    octx.font = `${FONT_WEIGHT} ${fontSize}px ${FONT_FAMILY}`;\r\n    octx.clearRect(0,0,off.width,off.height);\r\n    octx.fillStyle = '#000';\r\n    octx.fillText(label, off.width\/2, off.height\/2);\r\n\r\n    const data = octx.getImageData(0,0,off.width,off.height).data;\r\n    const gap = (isMobile()? GAP_MOBILE : GAP_DESKTOP) * dpr;\r\n\r\n    for (let y=0; y<off.height; y+=gap){\r\n      for (let x=0; x<off.width; x+=gap){\r\n        if (data[(y*off.width + x)*4 + 3] > 128) targets.push({x,y});\r\n      }\r\n    }\r\n    const max = isMobile()? MAX_PARTICLES_MOBILE : MAX_PARTICLES_DESKTOP;\r\n    if (targets.length > max){\r\n      shuffle(targets);\r\n      targets = targets.slice(0, max);\r\n    }\r\n    shuffle(targets);\r\n  }\r\n\r\n  function initParticles(){\r\n    particles = [];\r\n    const W = canvas.width, H = canvas.height;\r\n    const cx = W\/2, cy = H\/2;\r\n    const R = Math.hypot(W,H) * (SPAWN_RING + 0.15);\r\n    const dot = (isMobile()? DOT_MOBILE : DOT_DESKTOP) * dpr;\r\n\r\n    for (let i=0; i<targets.length; i++){\r\n      const t = targets[i];\r\n      const ang = Math.random() * Math.PI*2;\r\n      const r = R * (0.8 + Math.random()*0.4);\r\n      const sx = cx + Math.cos(ang) * r;\r\n      const sy = cy + Math.sin(ang) * r;\r\n\r\n      particles.push({\r\n        x: sx, y: sy,\r\n        vx: 0, vy: 0,\r\n        tx: t.x, ty: t.y,\r\n        size: dot,\r\n        phase: Math.random()*Math.PI*2,\r\n        f1: 0.6 + Math.random()*0.8,\r\n        f2: 0.5 + Math.random()*0.7,\r\n        amp: (2.0 + Math.random()*3.0) * dpr,\r\n        seed: Math.random()*10\r\n      });\r\n    }\r\n  }\r\n\r\n  function start(){\r\n    if (running) return;\r\n    running = true;\r\n    loop();\r\n  }\r\n  function stop(){\r\n    running = false;\r\n    if (raf) cancelAnimationFrame(raf);\r\n    raf = null;\r\n  }\r\n\r\n  function loop(){\r\n    raf = requestAnimationFrame(loop);\r\n    const t = nowS() - startTime;\r\n    step(t);\r\n    render(t);\r\n  }\r\n\r\n  function step(t){\r\n    \/\/ sanfte Rampe: in den ersten Sekunden weniger Schub\r\n    const ramp = Math.min(1, t \/ BUILD_RAMP_SECONDS);        \/\/ 0..1\r\n    const easeNow = EASE * (0.35 + 0.65 * ramp);              \/\/ startet weicher\r\n\r\n    \/\/ pr\u00fcfen, wann der Text steht\r\n    if (formedAt === null){\r\n      let dist = 0;\r\n      for (let p of particles){\r\n        const dx = p.tx - p.x, dy = p.ty - p.y;\r\n        dist += Math.hypot(dx, dy);\r\n      }\r\n      const avg = dist \/ particles.length;\r\n      if (avg < 2.0 * dpr){\r\n        formedAt = t;\r\n      }\r\n    }\r\n\r\n    const wobbleActive = formedAt !== null && (t - formedAt) >= PAUSE_AFTER_FORM;\r\n    const breathe = wobbleActive ? (0.6 + 0.4 * Math.sin((t - formedAt - PAUSE_AFTER_FORM) * 0.5)) : 0;\r\n\r\n    for (let p of particles){\r\n      let wobbleX = 0, wobbleY = 0;\r\n      if (wobbleActive){\r\n        const tt = (t - formedAt - PAUSE_AFTER_FORM);\r\n        wobbleX = Math.cos(tt * p.f1 + p.phase) * p.amp * breathe\r\n                + Math.sin(tt * 0.27 + p.seed) * 0.4 * p.amp;\r\n        wobbleY = Math.sin(tt * p.f2 + p.phase*1.3) * p.amp * breathe\r\n                + Math.cos(tt * 0.31 + p.seed) * 0.4 * p.amp;\r\n      }\r\n\r\n      const dx = (p.tx + wobbleX) - p.x;\r\n      const dy = (p.ty + wobbleY) - p.y;\r\n\r\n      p.vx += dx * easeNow;   \/\/ langsamere Ann\u00e4herung\r\n      p.vy += dy * easeNow;\r\n\r\n      p.vx *= FRICTION;\r\n      p.vy *= FRICTION;\r\n\r\n      p.x += p.vx;\r\n      p.y += p.vy;\r\n    }\r\n  }\r\n\r\n  function render(){\r\n    const W = canvas.width, H = canvas.height;\r\n    ctx.clearRect(0,0,W,H);\r\n\r\n    \/\/ Basis-Layer\r\n    ctx.globalCompositeOperation = 'source-over';\r\n    ctx.fillStyle = COLOR;\r\n    for (let p of particles){\r\n      const s = p.size;\r\n      ctx.fillRect(p.x - s\/2, p.y - s\/2, s, s);\r\n    }\r\n\r\n    \/\/ Glow-Layer\r\n    if (GLOW){\r\n      ctx.globalCompositeOperation = 'lighter';\r\n      ctx.fillStyle = hexToRgba(COLOR, GLOW_ALPHA);\r\n      for (let p of particles){\r\n        const s = p.size * GLOW_SCALE;\r\n        ctx.fillRect(p.x - s\/2, p.y - s\/2, s, s);\r\n      }\r\n    }\r\n  }\r\n\r\n  function renderStatic(){\r\n    const s = (isMobile()? DOT_MOBILE : DOT_DESKTOP) * dpr;\r\n    ctx.clearRect(0,0,canvas.width,canvas.height);\r\n    ctx.globalCompositeOperation = 'source-over';\r\n    ctx.fillStyle = COLOR;\r\n    for (let t of targets){\r\n      ctx.fillRect(t.x - s\/2, t.y - s\/2, s, s);\r\n    }\r\n  }\r\n\r\n  function shuffle(a){ for(let i=a.length-1;i>0;i--){ const j=(Math.random()*(i+1))|0; [a[i],a[j]]=[a[j],a[i]]; } }\r\n  function hexToRgba(hex, a){\r\n    const h = hex.replace('#','');\r\n    const bigint = parseInt(h, 16);\r\n    const r = (h.length===3) ? parseInt(h[0]+h[0],16) : (bigint >> 16) & 255;\r\n    const g = (h.length===3) ? parseInt(h[1]+h[1],16) : (bigint >> 8) & 255;\r\n    const b = (h.length===3) ? parseInt(h[2]+h[2],16) : bigint & 255;\r\n    return `rgba(${r},${g},${b},${a})`;\r\n  }\r\n\r\n  const io = new IntersectionObserver(entries=>{\r\n    entries.forEach(e=>{ if(e.isIntersecting && !prefersReduced) start(); else stop(); });\r\n  }, {threshold:0.1});\r\n  io.observe(host);\r\n\r\n  let rt; addEventListener('resize', ()=>{ clearTimeout(rt); rt=setTimeout(resize,120); });\r\n\r\n  function boot(){\r\n    if (document.fonts && document.fonts.load){\r\n      Promise.all([\r\n        document.fonts.load(`${FONT_WEIGHT} 80px ${FONT_FAMILY}`),\r\n        document.fonts.ready\r\n      ]).finally(resize);\r\n    } else {\r\n      addEventListener('load', resize);\r\n    }\r\n  }\r\n  boot();\r\n})();\r\n<\/script>\r\n\t\t\t\t<\/div>\n\t\t\t\t<\/div>\n\t\t\t\t\t<\/div>\n\t\t\t\t<\/div>\n\t\t<div class=\"elementor-element elementor-element-ca06c48 e-flex e-con-boxed e-con e-parent\" data-id=\"ca06c48\" data-element_type=\"container\" data-e-type=\"container\" data-settings=\"{&quot;background_background&quot;:&quot;classic&quot;}\">\n\t\t\t\t\t<div class=\"e-con-inner\">\n\t\t\t\t<div class=\"elementor-element elementor-element-f49bbe7 elementor-widget elementor-widget-heading\" data-id=\"f49bbe7\" data-element_type=\"widget\" data-e-type=\"widget\" data-widget_type=\"heading.default\">\n\t\t\t\t<div class=\"elementor-widget-container\">\n\t\t\t\t\t<h2 class=\"elementor-heading-title elementor-size-default\">Geschichte &amp; Philosophie<\/h2>\t\t\t\t<\/div>\n\t\t\t\t<\/div>\n\t\t\t\t\t<\/div>\n\t\t\t\t<\/div>\n\t\t<div class=\"elementor-element elementor-element-bdffa73 e-flex e-con-boxed e-con e-parent\" data-id=\"bdffa73\" data-element_type=\"container\" data-e-type=\"container\" data-settings=\"{&quot;background_background&quot;:&quot;classic&quot;}\">\n\t\t\t\t\t<div class=\"e-con-inner\">\n\t\t<div class=\"elementor-element elementor-element-53a7962 e-con-full e-flex e-con e-child\" data-id=\"53a7962\" data-element_type=\"container\" data-e-type=\"container\" data-settings=\"{&quot;background_background&quot;:&quot;classic&quot;}\">\n\t\t\t\t<div class=\"elementor-element elementor-element-0a5f218 elementor-widget elementor-widget-image\" data-id=\"0a5f218\" data-element_type=\"widget\" data-e-type=\"widget\" data-widget_type=\"image.default\">\n\t\t\t\t<div class=\"elementor-widget-container\">\n\t\t\t\t\t\t\t\t\t\t\t\t<figure class=\"wp-caption\">\n\t\t\t\t\t\t\t\t\t\t<img fetchpriority=\"high\" decoding=\"async\" width=\"390\" height=\"390\" src=\"https:\/\/dostepinn-meidling.com\/wp-content\/uploads\/2024\/07\/14.jpg\" class=\"attachment-large size-large wp-image-1508\" alt=\"\" srcset=\"https:\/\/dostepinn-meidling.com\/wp-content\/uploads\/2024\/07\/14.jpg 390w, https:\/\/dostepinn-meidling.com\/wp-content\/uploads\/2024\/07\/14-300x300.jpg 300w, https:\/\/dostepinn-meidling.com\/wp-content\/uploads\/2024\/07\/14-150x150.jpg 150w\" sizes=\"(max-width: 390px) 100vw, 390px\" \/>\t\t\t\t\t\t\t\t\t\t\t<figcaption class=\"widget-image-caption wp-caption-text\">Alice &amp; Gerald Kern<\/figcaption>\n\t\t\t\t\t\t\t\t\t\t<\/figure>\n\t\t\t\t\t\t\t\t\t<\/div>\n\t\t\t\t<\/div>\n\t\t\t\t<div class=\"elementor-element elementor-element-a154bc8 elementor-widget elementor-widget-spacer\" data-id=\"a154bc8\" data-element_type=\"widget\" data-e-type=\"widget\" data-widget_type=\"spacer.default\">\n\t\t\t\t<div class=\"elementor-widget-container\">\n\t\t\t\t\t\t\t<div class=\"elementor-spacer\">\n\t\t\t<div class=\"elementor-spacer-inner\"><\/div>\n\t\t<\/div>\n\t\t\t\t\t\t<\/div>\n\t\t\t\t<\/div>\n\t\t\t\t<\/div>\n\t\t<div class=\"elementor-element elementor-element-51ed3d7 e-con-full e-flex e-con e-child\" data-id=\"51ed3d7\" data-element_type=\"container\" data-e-type=\"container\">\n\t\t<div class=\"elementor-element elementor-element-2088124 e-con-full e-flex e-con e-child\" data-id=\"2088124\" data-element_type=\"container\" data-e-type=\"container\">\n\t\t\t\t<div class=\"elementor-element elementor-element-3dc1a17 elementor-widget elementor-widget-heading\" data-id=\"3dc1a17\" data-element_type=\"widget\" data-e-type=\"widget\" data-widget_type=\"heading.default\">\n\t\t\t\t<div class=\"elementor-widget-container\">\n\t\t\t\t\t<h3 class=\"elementor-heading-title elementor-size-default\">Alice und Gerald Kern, Besitzer<\/h3>\t\t\t\t<\/div>\n\t\t\t\t<\/div>\n\t\t\t\t<div class=\"elementor-element elementor-element-a6d99ff elementor-widget elementor-widget-text-editor\" data-id=\"a6d99ff\" data-element_type=\"widget\" data-e-type=\"widget\" data-widget_type=\"text-editor.default\">\n\t\t\t\t<div class=\"elementor-widget-container\">\n\t\t\t\t\t\t\t\t\t<p><strong><em>Wie alles begann\u00a0<\/em><\/strong><\/p>\t\t\t\t\t\t\t\t<\/div>\n\t\t\t\t<\/div>\n\t\t\t\t<\/div>\n\t\t<div class=\"elementor-element elementor-element-20ae76a e-con-full e-flex e-con e-child\" data-id=\"20ae76a\" data-element_type=\"container\" data-e-type=\"container\">\n\t\t\t\t<div class=\"elementor-element elementor-element-e89ad52 elementor-widget elementor-widget-text-editor\" data-id=\"e89ad52\" data-element_type=\"widget\" data-e-type=\"widget\" data-widget_type=\"text-editor.default\">\n\t\t\t\t<div class=\"elementor-widget-container\">\n\t\t\t\t\t\t\t\t\t<p data-start=\"136\" data-end=\"515\">\u201eIch bin in den \u00f6stlichen Teilen \u00d6sterreichs aufgewachsen, in einer Gegend, die als \u201aEiserner Vorhang\u2018 bekannt war \u2013 eine gedachte Grenze, die den ehemaligen Ostblock vom Westen trennte, bevor der Kommunismus zusammenbrach. Als Kind habe ich mich oft gefragt, wie es wohl w\u00e4re, frei herumzulaufen \u2013 ohne Stacheldrahtzaun, einfach weiter rennen zu k\u00f6nnen.<\/p><p data-start=\"517\" data-end=\"778\">Dann, 1989, fiel die Mauer \u2013 und es f\u00fchlte sich wie ein Wunder an. Pl\u00f6tzlich konnte man \u00fcberallhin reisen. Damals war ich Student und begann, meine kleine Wiener Wohnung an Reisende aus aller Welt zu vermieten. Der Rest ist, wie man so sch\u00f6n sagt, Geschichte.<\/p><p data-start=\"780\" data-end=\"967\">Ich gr\u00fcndete mein erstes Hotel, das <strong data-start=\"816\" data-end=\"837\">Do Step Inn Hotel<\/strong>, und seitdem w\u00e4chst das Gesch\u00e4ft stetig. Heute besitze ich zwei Hostels und zwei Hotels an einigen der besten Standorte Wiens.\u201c<\/p>\t\t\t\t\t\t\t\t<\/div>\n\t\t\t\t<\/div>\n\t\t\t\t<\/div>\n\t\t\t\t<\/div>\n\t\t\t\t\t<\/div>\n\t\t\t\t<\/div>\n\t\t<div class=\"elementor-element elementor-element-e073f09 e-flex e-con-boxed e-con e-parent\" data-id=\"e073f09\" data-element_type=\"container\" data-e-type=\"container\">\n\t\t\t\t\t<div class=\"e-con-inner\">\n\t\t\t\t<div class=\"elementor-element elementor-element-935c442 elementor-widget elementor-widget-spacer\" data-id=\"935c442\" data-element_type=\"widget\" data-e-type=\"widget\" data-widget_type=\"spacer.default\">\n\t\t\t\t<div class=\"elementor-widget-container\">\n\t\t\t\t\t\t\t<div class=\"elementor-spacer\">\n\t\t\t<div class=\"elementor-spacer-inner\"><\/div>\n\t\t<\/div>\n\t\t\t\t\t\t<\/div>\n\t\t\t\t<\/div>\n\t\t\t\t\t<\/div>\n\t\t\t\t<\/div>\n\t\t<div class=\"elementor-element elementor-element-078a2a2 e-flex e-con-boxed e-con e-parent\" data-id=\"078a2a2\" data-element_type=\"container\" data-e-type=\"container\">\n\t\t\t\t\t<div class=\"e-con-inner\">\n\t\t<div class=\"elementor-element elementor-element-bd43ad8 e-con-full e-flex e-con e-child\" data-id=\"bd43ad8\" data-element_type=\"container\" data-e-type=\"container\" data-settings=\"{&quot;shape_divider_top&quot;:&quot;pyramids&quot;,&quot;shape_divider_bottom&quot;:&quot;clouds&quot;}\">\n\t\t\t\t<div class=\"elementor-shape elementor-shape-top\" aria-hidden=\"true\" data-negative=\"false\">\n\t\t\t<svg xmlns=\"http:\/\/www.w3.org\/2000\/svg\" viewBox=\"0 0 1000 100\" preserveAspectRatio=\"none\">\n\t<path class=\"elementor-shape-fill\" d=\"M761.9,44.1L643.1,27.2L333.8,98L0,3.8V0l1000,0v3.9\"\/>\n<\/svg>\t\t<\/div>\n\t\t\t\t<div class=\"elementor-shape elementor-shape-bottom\" aria-hidden=\"true\" data-negative=\"false\">\n\t\t\t<svg xmlns=\"http:\/\/www.w3.org\/2000\/svg\" viewBox=\"0 0 283.5 27.8\" preserveAspectRatio=\"xMidYMax slice\">\n  <path class=\"elementor-shape-fill\" d=\"M0 0v6.7c1.9-.8 4.7-1.4 8.5-1 9.5 1.1 11.1 6 11.1 6s2.1-.7 4.3-.2c2.1.5 2.8 2.6 2.8 2.6s.2-.5 1.4-.7c1.2-.2 1.7.2 1.7.2s0-2.1 1.9-2.8c1.9-.7 3.6.7 3.6.7s.7-2.9 3.1-4.1 4.7 0 4.7 0 1.2-.5 2.4 0 1.7 1.4 1.7 1.4h1.4c.7 0 1.2.7 1.2.7s.8-1.8 4-2.2c3.5-.4 5.3 2.4 6.2 4.4.4-.4 1-.7 1.8-.9 2.8-.7 4 .7 4 .7s1.7-5 11.1-6c9.5-1.1 12.3 3.9 12.3 3.9s1.2-4.8 5.7-5.7c4.5-.9 6.8 1.8 6.8 1.8s.6-.6 1.5-.9c.9-.2 1.9-.2 1.9-.2s5.2-6.4 12.6-3.3c7.3 3.1 4.7 9 4.7 9s1.9-.9 4 0 2.8 2.4 2.8 2.4 1.9-1.2 4.5-1.2 4.3 1.2 4.3 1.2.2-1 1.4-1.7 2.1-.7 2.1-.7-.5-3.1 2.1-5.5 5.7-1.4 5.7-1.4 1.5-2.3 4.2-1.1c2.7 1.2 1.7 5.2 1.7 5.2s.3-.1 1.3.5c.5.4.8.8.9 1.1.5-1.4 2.4-5.8 8.4-4 7.1 2.1 3.5 8.9 3.5 8.9s.8-.4 2 0 1.1 1.1 1.1 1.1 1.1-1.1 2.3-1.1 2.1.5 2.1.5 1.9-3.6 6.2-1.2 1.9 6.4 1.9 6.4 2.6-2.4 7.4 0c3.4 1.7 3.9 4.9 3.9 4.9s3.3-6.9 10.4-7.9 11.5 2.6 11.5 2.6.8 0 1.2.2c.4.2.9.9.9.9s4.4-3.1 8.3.2c1.9 1.7 1.5 5 1.5 5s.3-1.1 1.6-1.4c1.3-.3 2.3.2 2.3.2s-.1-1.2.5-1.9 1.9-.9 1.9-.9-4.7-9.3 4.4-13.4c5.6-2.5 9.2.9 9.2.9s5-6.2 15.9-6.2 16.1 8.1 16.1 8.1.7-.2 1.6-.4V0H0z\"\/>\n<\/svg>\n\t\t<\/div>\n\t\t\t\t<div class=\"elementor-element elementor-element-06e87f0 elementor-widget elementor-widget-text-editor\" data-id=\"06e87f0\" data-element_type=\"widget\" data-e-type=\"widget\" data-widget_type=\"text-editor.default\">\n\t\t\t\t<div class=\"elementor-widget-container\">\n\t\t\t\t\t\t\t\t\t<p><strong data-start=\"456\" data-end=\"543\">Nachhaltiges Hotel in Wien-Meidling \u2013 Historischer Charme trifft moderne Innovation<\/strong><\/p><p data-start=\"547\" data-end=\"984\">Das <strong data-start=\"551\" data-end=\"575\">Do Step Inn Meidling<\/strong> mit seinen markanten Wienerberger Ziegeln ist ein typisches Geb\u00e4ude aus dem 19. Jahrhundert. Mit viel Leidenschaft und Liebe zum Detail haben wir es in den letzten zehn Jahren Schritt f\u00fcr Schritt in ein <strong data-start=\"779\" data-end=\"820\">modernes und stilvolles Hotel in Wien<\/strong> verwandelt, das den Anspr\u00fcchen von heutigen Reisenden gerecht wird. Das Ergebnis ist eine einzigartige Verbindung aus historischem Flair und zeitgem\u00e4\u00dfem Komfort.<\/p><p data-start=\"986\" data-end=\"1025\"><strong>Nachhaltigkeit &amp; Energieeffizienz<\/strong><\/p><p data-start=\"1026\" data-end=\"1447\">Auch beim Thema <strong data-start=\"1042\" data-end=\"1057\">Klimaschutz<\/strong> setzen wir auf Innovation. Das gesamte Hotel wird durch eine moderne <strong data-start=\"1127\" data-end=\"1146\">Fu\u00dfbodenheizung<\/strong> beheizt, die dank ihrer gro\u00dfen Fl\u00e4che mit niedrigen Temperaturen arbeitet und somit besonders energieeffizient ist. Zus\u00e4tzlich erzeugen unsere <strong data-start=\"1290\" data-end=\"1337\">Solarpaneele auf dem s\u00fcd\u00f6stlichen Hoteldach<\/strong> einen gro\u00dfen Teil der ben\u00f6tigten Energie selbst \u2013 ein klarer Beitrag zu einem kleineren <strong data-start=\"1426\" data-end=\"1444\">CO\u2082-Fu\u00dfabdruck<\/strong>.<\/p><p data-start=\"1449\" data-end=\"1489\"><strong>Einzigartiges Self Check-in System<\/strong><\/p><p data-start=\"1490\" data-end=\"1920\">Besonders stolz sind wir auf unser <strong data-start=\"1525\" data-end=\"1561\">innovatives Self Check-in System<\/strong>, das unseren G\u00e4sten maximale <strong data-start=\"1591\" data-end=\"1626\">Flexibilit\u00e4t und Unabh\u00e4ngigkeit<\/strong> bietet. Ganz ohne lange Wartezeiten an der Rezeption k\u00f6nnen Sie rund um die Uhr <strong data-start=\"1707\" data-end=\"1753\">einfach online oder am Terminal einchecken<\/strong>. So beginnt Ihr Aufenthalt bei uns stressfrei, unkompliziert und in Ihrem eigenen Tempo \u2013 ideal f\u00fcr <strong data-start=\"1854\" data-end=\"1917\">Gesch\u00e4ftsreisende, St\u00e4dtetrips oder Kurzaufenthalte in Wien<\/strong>.<\/p><p data-start=\"75\" data-end=\"105\">\u00a0<\/p>\t\t\t\t\t\t\t\t<\/div>\n\t\t\t\t<\/div>\n\t\t\t\t<\/div>\n\t\t\t\t<div class=\"elementor-element elementor-element-31abcd7 elementor-widget elementor-widget-image\" data-id=\"31abcd7\" data-element_type=\"widget\" data-e-type=\"widget\" data-widget_type=\"image.default\">\n\t\t\t\t<div class=\"elementor-widget-container\">\n\t\t\t\t\t\t\t\t\t\t\t\t\t\t\t<img decoding=\"async\" width=\"800\" height=\"493\" src=\"https:\/\/dostepinn-meidling.com\/wp-content\/uploads\/2025\/08\/Handy_und_QR-Code-vergrosert-1024x631.jpg\" class=\"attachment-large size-large wp-image-2055\" alt=\"\" srcset=\"https:\/\/dostepinn-meidling.com\/wp-content\/uploads\/2025\/08\/Handy_und_QR-Code-vergrosert-1024x631.jpg 1024w, https:\/\/dostepinn-meidling.com\/wp-content\/uploads\/2025\/08\/Handy_und_QR-Code-vergrosert-300x185.jpg 300w, https:\/\/dostepinn-meidling.com\/wp-content\/uploads\/2025\/08\/Handy_und_QR-Code-vergrosert-768x474.jpg 768w, https:\/\/dostepinn-meidling.com\/wp-content\/uploads\/2025\/08\/Handy_und_QR-Code-vergrosert-18x12.jpg 18w, https:\/\/dostepinn-meidling.com\/wp-content\/uploads\/2025\/08\/Handy_und_QR-Code-vergrosert.jpg 1513w\" sizes=\"(max-width: 800px) 100vw, 800px\" \/>\t\t\t\t\t\t\t\t\t\t\t\t\t\t\t<\/div>\n\t\t\t\t<\/div>\n\t\t\t\t\t<\/div>\n\t\t\t\t<\/div>\n\t\t<div class=\"elementor-element elementor-element-b0da7e8 e-flex e-con-boxed e-con e-parent\" data-id=\"b0da7e8\" data-element_type=\"container\" data-e-type=\"container\">\n\t\t\t\t\t<div class=\"e-con-inner\">\n\t\t\t\t\t<\/div>\n\t\t\t\t<\/div>\n\t\t\t\t<\/div>\n\t\t","protected":false},"excerpt":{"rendered":"<p>About Us Geschichte &amp; Philosophie Alice &amp; Gerald Kern Alice und Gerald Kern, Besitzer Wie alles begann\u00a0 \u201eIch bin in den \u00f6stlichen Teilen \u00d6sterreichs aufgewachsen, in einer Gegend, die als \u201aEiserner Vorhang\u2018 bekannt war \u2013 eine gedachte Grenze, die den ehemaligen Ostblock vom Westen trennte, bevor der Kommunismus zusammenbrach. Als Kind habe ich mich oft [&hellip;]<\/p>\n","protected":false},"author":3,"featured_media":0,"parent":0,"menu_order":0,"comment_status":"closed","ping_status":"closed","template":"","meta":{"footnotes":""},"class_list":["post-2051","page","type-page","status-publish","hentry"],"jetpack_sharing_enabled":true,"_links":{"self":[{"href":"https:\/\/dostepinn-meidling.com\/en\/wp-json\/wp\/v2\/pages\/2051","targetHints":{"allow":["GET"]}}],"collection":[{"href":"https:\/\/dostepinn-meidling.com\/en\/wp-json\/wp\/v2\/pages"}],"about":[{"href":"https:\/\/dostepinn-meidling.com\/en\/wp-json\/wp\/v2\/types\/page"}],"author":[{"embeddable":true,"href":"https:\/\/dostepinn-meidling.com\/en\/wp-json\/wp\/v2\/users\/3"}],"replies":[{"embeddable":true,"href":"https:\/\/dostepinn-meidling.com\/en\/wp-json\/wp\/v2\/comments?post=2051"}],"version-history":[{"count":16,"href":"https:\/\/dostepinn-meidling.com\/en\/wp-json\/wp\/v2\/pages\/2051\/revisions"}],"predecessor-version":[{"id":2150,"href":"https:\/\/dostepinn-meidling.com\/en\/wp-json\/wp\/v2\/pages\/2051\/revisions\/2150"}],"wp:attachment":[{"href":"https:\/\/dostepinn-meidling.com\/en\/wp-json\/wp\/v2\/media?parent=2051"}],"curies":[{"name":"wp","href":"https:\/\/api.w.org\/{rel}","templated":true}]}}